{"id":223,"date":"2020-08-19T16:38:17","date_gmt":"2020-08-19T14:38:17","guid":{"rendered":"http:\/\/nv-ingenierie.fr\/?page_id=223"},"modified":"2020-10-08T12:19:25","modified_gmt":"2020-10-08T10:19:25","slug":"nos-actualites","status":"publish","type":"page","link":"https:\/\/nv-ingenierie.fr\/index.php\/nos-actualites\/","title":{"rendered":"Actualit\u00e9s"},"content":{"rendered":"<p>[et_pb_section fb_built=\u00a0\u00bb1&Prime; _builder_version=\u00a0\u00bb4.3.2&Prime; custom_padding=\u00a0\u00bb47px||45px|||\u00a0\u00bb][et_pb_row _builder_version=\u00a0\u00bb4.3.2&Prime;][et_pb_column _builder_version=\u00a0\u00bb4.3.2&Prime; type=\u00a0\u00bb4_4&Prime;][et_pb_text _builder_version=\u00a0\u00bb4.3.2&Prime; text_font=\u00a0\u00bbPoppins|300|||||||\u00a0\u00bb text_font_size=\u00a0\u00bb20px\u00a0\u00bb text_line_height=\u00a0\u00bb1.8em\u00a0\u00bb link_font=\u00a0\u00bb||||||||\u00a0\u00bb ul_font=\u00a0\u00bb||||||||\u00a0\u00bb header_font=\u00a0\u00bb||||||||\u00a0\u00bb header_2_font=\u00a0\u00bb||||||||\u00a0\u00bb header_3_font=\u00a0\u00bbPoppins||||||||\u00a0\u00bb header_3_font_size=\u00a0\u00bb45px\u00a0\u00bb header_3_line_height=\u00a0\u00bb1.5em\u00a0\u00bb header_4_font=\u00a0\u00bb||||||||\u00a0\u00bb header_5_font=\u00a0\u00bbPoppins|700||on|||||\u00a0\u00bb header_5_text_color=\u00a0\u00bb#3B3E46&Prime; header_5_letter_spacing=\u00a0\u00bb1px\u00a0\u00bb header_5_line_height=\u00a0\u00bb1.8em\u00a0\u00bb text_orientation=\u00a0\u00bbcenter\u00a0\u00bb max_width_tablet=\u00a0\u00bb100%\u00a0\u00bb max_width_phone=\u00a0\u00bb100%\u00a0\u00bb max_width_last_edited=\u00a0\u00bboff|desktop\u00a0\u00bb module_alignment=\u00a0\u00bbright\u00a0\u00bb hover_enabled=\u00a0\u00bb0&Prime;]<\/p>\n<h5><\/h5>\n<h3>Nos actualit\u00e9s<\/h3>\n<p>[\/et_pb_text][\/et_pb_column][\/et_pb_row][\/et_pb_section][et_pb_section fb_built=\u00a0\u00bb1&Prime; admin_label=\u00a0\u00bbBlog\u00a0\u00bb _builder_version=\u00a0\u00bb4.3.2&Prime; use_background_color_gradient=\u00a0\u00bbon\u00a0\u00bb background_color_gradient_start=\u00a0\u00bb#ffffff\u00a0\u00bb background_color_gradient_end=\u00a0\u00bb#fff4f2&Prime; custom_padding=\u00a0\u00bb38px|0px|54px|0px||\u00a0\u00bb bottom_divider_color=\u00a0\u00bb#ffffff\u00a0\u00bb bottom_divider_height=\u00a0\u00bb500px\u00a0\u00bb bottom_divider_repeat=\u00a0\u00bb2x\u00a0\u00bb][et_pb_row admin_label=\u00a0\u00bbBlog Row\u00a0\u00bb _builder_version=\u00a0\u00bb4.3.2&Prime;][et_pb_column type=\u00a0\u00bb4_4&Prime; _builder_version=\u00a0\u00bb3.25&Prime; custom_padding=\u00a0\u00bb|||\u00a0\u00bb custom_padding__hover=\u00a0\u00bb|||\u00a0\u00bb][et_pb_blog fullwidth=\u00a0\u00bboff\u00a0\u00bb posts_number=\u00a0\u00bb9&Prime; include_categories=\u00a0\u00bball\u00a0\u00bb excerpt_length=\u00a0\u00bb150&Prime; show_more=\u00a0\u00bbon\u00a0\u00bb masonry_tile_background_color=\u00a0\u00bbrgba(0,0,0,0)\u00a0\u00bb _builder_version=\u00a0\u00bb4.3.2&Prime; header_level=\u00a0\u00bbh4&Prime; header_font=\u00a0\u00bbCormorant Garamond|700|||||||\u00a0\u00bb header_font_size=\u00a0\u00bb24px\u00a0\u00bb header_line_height=\u00a0\u00bb1.3em\u00a0\u00bb body_font=\u00a0\u00bbCormorant Garamond||||||||\u00a0\u00bb body_font_size=\u00a0\u00bb18px\u00a0\u00bb body_line_height=\u00a0\u00bb1.8em\u00a0\u00bb meta_font=\u00a0\u00bbCormorant Garamond||||||||\u00a0\u00bb meta_text_color=\u00a0\u00bb#000000&Prime; meta_font_size=\u00a0\u00bb18px\u00a0\u00bb pagination_font=\u00a0\u00bbCormorant Garamond|700||on|||||\u00a0\u00bb pagination_text_color=\u00a0\u00bb#000000&Prime; pagination_letter_spacing=\u00a0\u00bb3px\u00a0\u00bb border_color_all=\u00a0\u00bb#c4beb9&Prime;]&nbsp;<br \/>\n[\/et_pb_blog][\/et_pb_column][\/et_pb_row][\/et_pb_section]<\/p>\n","protected":false},"excerpt":{"rendered":"<p>D\u00e9couvrez les derni\u00e8res actualit\u00e9s de NV Ingenierie, ma\u00eetre d&rsquo;oeuvre et contractant g\u00e9n\u00e9ral en Bourgogne Franche-Comt\u00e9.<\/p>\n","protected":false},"author":1,"featured_media":147,"parent":0,"menu_order":0,"comment_status":"closed","ping_status":"closed","template":"","meta":{"_et_pb_use_builder":"on","_et_pb_old_content":"","_et_gb_content_width":"","footnotes":""},"class_list":["post-223","page","type-page","status-publish","has-post-thumbnail","hentry"],"yoast_head":"<!-- This site is optimized with the Yoast SEO plugin v24.9 - https:\/\/yoast.com\/wordpress\/plugins\/seo\/ -->\n<title>Actualit\u00e9s - NV Ing\u00e9nierie - Ma\u00eetrise d&#039;oeuvre et contractant g\u00e9n\u00e9ral<\/title>\n<meta name=\"description\" content=\"D\u00e9couvrez les derni\u00e8res actualit\u00e9s de NV Ingenierie, ma\u00eetre d&#039;oeuvre et contractant g\u00e9n\u00e9ral en Bourgogne Franche-Comt\u00e9.\" \/>\n<meta name=\"robots\" content=\"index, follow, max-snippet:-1, max-image-preview:large, max-video-preview:-1\" \/>\n<link rel=\"canonical\" href=\"http:\/\/nv-ingenierie.fr\/index.php\/nos-actualites\/\" \/>\n<meta property=\"og:locale\" content=\"fr_FR\" \/>\n<meta property=\"og:type\" content=\"article\" \/>\n<meta property=\"og:title\" content=\"Actualit\u00e9s - NV Ing\u00e9nierie - Ma\u00eetrise d&#039;oeuvre et contractant g\u00e9n\u00e9ral\" \/>\n<meta property=\"og:description\" content=\"D\u00e9couvrez les derni\u00e8res actualit\u00e9s de NV Ingenierie, ma\u00eetre d&#039;oeuvre et contractant g\u00e9n\u00e9ral en Bourgogne Franche-Comt\u00e9.\" \/>\n<meta property=\"og:url\" content=\"http:\/\/nv-ingenierie.fr\/index.php\/nos-actualites\/\" \/>\n<meta property=\"og:site_name\" content=\"NV Ing\u00e9nierie\" \/>\n<meta property=\"article:modified_time\" content=\"2020-10-08T10:19:25+00:00\" \/>\n<meta property=\"og:image\" content=\"http:\/\/nv-ingenierie.fr\/wp-content\/uploads\/2020\/08\/Logo-NVI-texte-V5.png\" \/>\n\t<meta property=\"og:image:width\" content=\"754\" \/>\n\t<meta property=\"og:image:height\" content=\"280\" \/>\n\t<meta property=\"og:image:type\" content=\"image\/png\" \/>\n<meta name=\"twitter:card\" content=\"summary_large_image\" \/>\n<meta name=\"twitter:label1\" content=\"Dur\u00e9e de lecture estim\u00e9e\" \/>\n\t<meta name=\"twitter:data1\" content=\"1 minute\" \/>\n<script type=\"application\/ld+json\" class=\"yoast-schema-graph\">{\"@context\":\"https:\/\/schema.org\",\"@graph\":[{\"@type\":\"WebPage\",\"@id\":\"http:\/\/nv-ingenierie.fr\/index.php\/nos-actualites\/\",\"url\":\"http:\/\/nv-ingenierie.fr\/index.php\/nos-actualites\/\",\"name\":\"Actualit\u00e9s - NV Ing\u00e9nierie - Ma\u00eetrise d'oeuvre et contractant g\u00e9n\u00e9ral\",\"isPartOf\":{\"@id\":\"https:\/\/nv-ingenierie.fr\/#website\"},\"primaryImageOfPage\":{\"@id\":\"http:\/\/nv-ingenierie.fr\/index.php\/nos-actualites\/#primaryimage\"},\"image\":{\"@id\":\"http:\/\/nv-ingenierie.fr\/index.php\/nos-actualites\/#primaryimage\"},\"thumbnailUrl\":\"https:\/\/nv-ingenierie.fr\/wp-content\/uploads\/2020\/08\/Logo-NVI-texte-V5.png\",\"datePublished\":\"2020-08-19T14:38:17+00:00\",\"dateModified\":\"2020-10-08T10:19:25+00:00\",\"description\":\"D\u00e9couvrez les derni\u00e8res actualit\u00e9s de NV Ingenierie, ma\u00eetre d'oeuvre et contractant g\u00e9n\u00e9ral en Bourgogne Franche-Comt\u00e9.\",\"breadcrumb\":{\"@id\":\"http:\/\/nv-ingenierie.fr\/index.php\/nos-actualites\/#breadcrumb\"},\"inLanguage\":\"fr-FR\",\"potentialAction\":[{\"@type\":\"ReadAction\",\"target\":[\"http:\/\/nv-ingenierie.fr\/index.php\/nos-actualites\/\"]}]},{\"@type\":\"ImageObject\",\"inLanguage\":\"fr-FR\",\"@id\":\"http:\/\/nv-ingenierie.fr\/index.php\/nos-actualites\/#primaryimage\",\"url\":\"https:\/\/nv-ingenierie.fr\/wp-content\/uploads\/2020\/08\/Logo-NVI-texte-V5.png\",\"contentUrl\":\"https:\/\/nv-ingenierie.fr\/wp-content\/uploads\/2020\/08\/Logo-NVI-texte-V5.png\",\"width\":754,\"height\":280,\"caption\":\"NV Ingenierie\"},{\"@type\":\"BreadcrumbList\",\"@id\":\"http:\/\/nv-ingenierie.fr\/index.php\/nos-actualites\/#breadcrumb\",\"itemListElement\":[{\"@type\":\"ListItem\",\"position\":1,\"name\":\"Accueil\",\"item\":\"https:\/\/nv-ingenierie.fr\/\"},{\"@type\":\"ListItem\",\"position\":2,\"name\":\"Actualit\u00e9s\"}]},{\"@type\":\"WebSite\",\"@id\":\"https:\/\/nv-ingenierie.fr\/#website\",\"url\":\"https:\/\/nv-ingenierie.fr\/\",\"name\":\"NV Ing\u00e9nierie\",\"description\":\"Etude et ma\u00eetrise d&#039;oeuvre - Contractant g\u00e9n\u00e9ral\",\"potentialAction\":[{\"@type\":\"SearchAction\",\"target\":{\"@type\":\"EntryPoint\",\"urlTemplate\":\"https:\/\/nv-ingenierie.fr\/?s={search_term_string}\"},\"query-input\":{\"@type\":\"PropertyValueSpecification\",\"valueRequired\":true,\"valueName\":\"search_term_string\"}}],\"inLanguage\":\"fr-FR\"}]}<\/script>\n<!-- \/ Yoast SEO plugin. -->","yoast_head_json":{"title":"Actualit\u00e9s - NV Ing\u00e9nierie - Ma\u00eetrise d'oeuvre et contractant g\u00e9n\u00e9ral","description":"D\u00e9couvrez les derni\u00e8res actualit\u00e9s de NV Ingenierie, ma\u00eetre d'oeuvre et contractant g\u00e9n\u00e9ral en Bourgogne Franche-Comt\u00e9.","robots":{"index":"index","follow":"follow","max-snippet":"max-snippet:-1","max-image-preview":"max-image-preview:large","max-video-preview":"max-video-preview:-1"},"canonical":"http:\/\/nv-ingenierie.fr\/index.php\/nos-actualites\/","og_locale":"fr_FR","og_type":"article","og_title":"Actualit\u00e9s - NV Ing\u00e9nierie - Ma\u00eetrise d'oeuvre et contractant g\u00e9n\u00e9ral","og_description":"D\u00e9couvrez les derni\u00e8res actualit\u00e9s de NV Ingenierie, ma\u00eetre d'oeuvre et contractant g\u00e9n\u00e9ral en Bourgogne Franche-Comt\u00e9.","og_url":"http:\/\/nv-ingenierie.fr\/index.php\/nos-actualites\/","og_site_name":"NV Ing\u00e9nierie","article_modified_time":"2020-10-08T10:19:25+00:00","og_image":[{"width":754,"height":280,"url":"http:\/\/nv-ingenierie.fr\/wp-content\/uploads\/2020\/08\/Logo-NVI-texte-V5.png","type":"image\/png"}],"twitter_card":"summary_large_image","twitter_misc":{"Dur\u00e9e de lecture estim\u00e9e":"1 minute"},"schema":{"@context":"https:\/\/schema.org","@graph":[{"@type":"WebPage","@id":"http:\/\/nv-ingenierie.fr\/index.php\/nos-actualites\/","url":"http:\/\/nv-ingenierie.fr\/index.php\/nos-actualites\/","name":"Actualit\u00e9s - NV Ing\u00e9nierie - Ma\u00eetrise d'oeuvre et contractant g\u00e9n\u00e9ral","isPartOf":{"@id":"https:\/\/nv-ingenierie.fr\/#website"},"primaryImageOfPage":{"@id":"http:\/\/nv-ingenierie.fr\/index.php\/nos-actualites\/#primaryimage"},"image":{"@id":"http:\/\/nv-ingenierie.fr\/index.php\/nos-actualites\/#primaryimage"},"thumbnailUrl":"https:\/\/nv-ingenierie.fr\/wp-content\/uploads\/2020\/08\/Logo-NVI-texte-V5.png","datePublished":"2020-08-19T14:38:17+00:00","dateModified":"2020-10-08T10:19:25+00:00","description":"D\u00e9couvrez les derni\u00e8res actualit\u00e9s de NV Ingenierie, ma\u00eetre d'oeuvre et contractant g\u00e9n\u00e9ral en Bourgogne Franche-Comt\u00e9.","breadcrumb":{"@id":"http:\/\/nv-ingenierie.fr\/index.php\/nos-actualites\/#breadcrumb"},"inLanguage":"fr-FR","potentialAction":[{"@type":"ReadAction","target":["http:\/\/nv-ingenierie.fr\/index.php\/nos-actualites\/"]}]},{"@type":"ImageObject","inLanguage":"fr-FR","@id":"http:\/\/nv-ingenierie.fr\/index.php\/nos-actualites\/#primaryimage","url":"https:\/\/nv-ingenierie.fr\/wp-content\/uploads\/2020\/08\/Logo-NVI-texte-V5.png","contentUrl":"https:\/\/nv-ingenierie.fr\/wp-content\/uploads\/2020\/08\/Logo-NVI-texte-V5.png","width":754,"height":280,"caption":"NV Ingenierie"},{"@type":"BreadcrumbList","@id":"http:\/\/nv-ingenierie.fr\/index.php\/nos-actualites\/#breadcrumb","itemListElement":[{"@type":"ListItem","position":1,"name":"Accueil","item":"https:\/\/nv-ingenierie.fr\/"},{"@type":"ListItem","position":2,"name":"Actualit\u00e9s"}]},{"@type":"WebSite","@id":"https:\/\/nv-ingenierie.fr\/#website","url":"https:\/\/nv-ingenierie.fr\/","name":"NV Ing\u00e9nierie","description":"Etude et ma\u00eetrise d&#039;oeuvre - Contractant g\u00e9n\u00e9ral","potentialAction":[{"@type":"SearchAction","target":{"@type":"EntryPoint","urlTemplate":"https:\/\/nv-ingenierie.fr\/?s={search_term_string}"},"query-input":{"@type":"PropertyValueSpecification","valueRequired":true,"valueName":"search_term_string"}}],"inLanguage":"fr-FR"}]}},"_links":{"self":[{"href":"https:\/\/nv-ingenierie.fr\/index.php\/wp-json\/wp\/v2\/pages\/223","targetHints":{"allow":["GET"]}}],"collection":[{"href":"https:\/\/nv-ingenierie.fr\/index.php\/wp-json\/wp\/v2\/pages"}],"about":[{"href":"https:\/\/nv-ingenierie.fr\/index.php\/wp-json\/wp\/v2\/types\/page"}],"author":[{"embeddable":true,"href":"https:\/\/nv-ingenierie.fr\/index.php\/wp-json\/wp\/v2\/users\/1"}],"replies":[{"embeddable":true,"href":"https:\/\/nv-ingenierie.fr\/index.php\/wp-json\/wp\/v2\/comments?post=223"}],"version-history":[{"count":15,"href":"https:\/\/nv-ingenierie.fr\/index.php\/wp-json\/wp\/v2\/pages\/223\/revisions"}],"predecessor-version":[{"id":577,"href":"https:\/\/nv-ingenierie.fr\/index.php\/wp-json\/wp\/v2\/pages\/223\/revisions\/577"}],"wp:featuredmedia":[{"embeddable":true,"href":"https:\/\/nv-ingenierie.fr\/index.php\/wp-json\/wp\/v2\/media\/147"}],"wp:attachment":[{"href":"https:\/\/nv-ingenierie.fr\/index.php\/wp-json\/wp\/v2\/media?parent=223"}],"curies":[{"name":"wp","href":"https:\/\/api.w.org\/{rel}","templated":true}]}}