{"id":240,"date":"2020-08-19T16:49:49","date_gmt":"2020-08-19T14:49:49","guid":{"rendered":"http:\/\/nv-ingenierie.fr\/?page_id=240"},"modified":"2024-04-15T23:22:52","modified_gmt":"2024-04-15T21:22:52","slug":"a-propos","status":"publish","type":"page","link":"https:\/\/nv-ingenierie.fr\/index.php\/a-propos\/","title":{"rendered":"A propos"},"content":{"rendered":"<p>[et_pb_section fb_built=\u00a0\u00bb1&Prime; _builder_version=\u00a0\u00bb4.3.2&Prime; custom_padding=\u00a0\u00bb||39px|||\u00a0\u00bb][et_pb_row _builder_version=\u00a0\u00bb4.3.2&Prime;][et_pb_column type=\u00a0\u00bb4_4&Prime; _builder_version=\u00a0\u00bb4.3.2&Prime;][et_pb_text _builder_version=\u00a0\u00bb4.3.2&Prime; text_font=\u00a0\u00bbPoppins|300|||||||\u00a0\u00bb text_font_size=\u00a0\u00bb20px\u00a0\u00bb text_line_height=\u00a0\u00bb1.8em\u00a0\u00bb link_font=\u00a0\u00bb||||||||\u00a0\u00bb ul_font=\u00a0\u00bb||||||||\u00a0\u00bb header_font=\u00a0\u00bb||||||||\u00a0\u00bb header_2_font=\u00a0\u00bb||||||||\u00a0\u00bb header_3_font=\u00a0\u00bbPoppins||||||||\u00a0\u00bb header_3_font_size=\u00a0\u00bb45px\u00a0\u00bb header_3_line_height=\u00a0\u00bb1.5em\u00a0\u00bb header_4_font=\u00a0\u00bb||||||||\u00a0\u00bb header_5_font=\u00a0\u00bbPoppins|700||on|||||\u00a0\u00bb header_5_text_color=\u00a0\u00bb#3B3E46&Prime; header_5_letter_spacing=\u00a0\u00bb1px\u00a0\u00bb header_5_line_height=\u00a0\u00bb1.8em\u00a0\u00bb text_orientation=\u00a0\u00bbcenter\u00a0\u00bb max_width_tablet=\u00a0\u00bb100%\u00a0\u00bb max_width_phone=\u00a0\u00bb100%\u00a0\u00bb max_width_last_edited=\u00a0\u00bboff|desktop\u00a0\u00bb module_alignment=\u00a0\u00bbright\u00a0\u00bb]<\/p>\n<h5><\/h5>\n<h3>A propos<\/h3>\n<p>[\/et_pb_text][\/et_pb_column][\/et_pb_row][\/et_pb_section][et_pb_section fb_built=\u00a0\u00bb1&Prime; admin_label=\u00a0\u00bbAbout Us\u00a0\u00bb _builder_version=\u00a0\u00bb3.22&Prime; custom_padding=\u00a0\u00bb31px|0px|31px|0px|true|false\u00a0\u00bb locked=\u00a0\u00bboff\u00a0\u00bb][et_pb_row _builder_version=\u00a0\u00bb4.3.2&Prime; custom_padding=\u00a0\u00bb21px|||||\u00a0\u00bb][et_pb_column type=\u00a0\u00bb4_4&Prime; _builder_version=\u00a0\u00bb4.3.2&Prime;][et_pb_text _builder_version=\u00a0\u00bb4.3.2&Prime; text_font=\u00a0\u00bbPoppins|300|||||||\u00a0\u00bb text_line_height=\u00a0\u00bb1.8em\u00a0\u00bb link_font=\u00a0\u00bb||||||||\u00a0\u00bb ul_font=\u00a0\u00bb||||||||\u00a0\u00bb header_font=\u00a0\u00bb||||||||\u00a0\u00bb header_2_font=\u00a0\u00bbPoppins|600|||||||\u00a0\u00bb header_2_text_color=\u00a0\u00bb#3B3E46&Prime; header_2_font_size=\u00a0\u00bb30px\u00a0\u00bb header_3_font=\u00a0\u00bbPoppins||||||||\u00a0\u00bb header_3_line_height=\u00a0\u00bb1.5em\u00a0\u00bb max_width_tablet=\u00a0\u00bb100%\u00a0\u00bb max_width_phone=\u00a0\u00bb100%\u00a0\u00bb max_width_last_edited=\u00a0\u00bboff|desktop\u00a0\u00bb module_alignment=\u00a0\u00bbright\u00a0\u00bb custom_padding=\u00a0\u00bb|||\u00a0\u00bb custom_padding_tablet=\u00a0\u00bb|||0px\u00a0\u00bb custom_padding_phone=\u00a0\u00bb\u00a0\u00bb custom_padding_last_edited=\u00a0\u00bbon|tablet\u00a0\u00bb]<\/p>\n<h3 style=\"text-align: justify;\"><\/h3>\n<p style=\"text-align: justify;\">Cr\u00e9\u00e9e en 2019, <b>NVI<\/b> est une soci\u00e9t\u00e9 de <b>ma\u00eetrise d\u2019\u0153uvre<\/b> et <b>contractant g\u00e9n\u00e9ral<\/b>, bas\u00e9e \u00e0 Besan\u00e7on.<\/p>\n<p style=\"text-align: justify;\">Elle est\u00a0sp\u00e9cialis\u00e9e en ing\u00e9nierie du b\u00e2timent et vous accompagne dans vos projets de <b>construction<\/b> ou de <b>r\u00e9novation<\/b> de <b>maisons individuelles<\/b>, <b>habitats collectifs<\/b>, <b>b\u00e2timents d\u2019activit\u00e9 tertiaire<\/b> ou <b>b\u00e2timents industriels<\/b>.<\/p>\n<p style=\"text-align: justify;\">Nous intervenons principalement pour des clients <b>particuliers<\/b>, des <b>entreprises<\/b> ou des <b>professionnels de l\u2019immobilier <\/b>dans la r\u00e9gion Bourgogne \u2013 Franche-Comt\u00e9 et d\u00e9partements limitrophes.<\/p>\n<p style=\"text-align: justify;\">Avec plus de 18 ans d\u2019exp\u00e9rience dans la conception, la construction ou la r\u00e9novation de tous types de b\u00e2timents, nos comp\u00e9tences, notre polyvalence et la satisfaction de nos clients sont nos forces pour vous accompagner en toute s\u00e9r\u00e9nit\u00e9 tout au long de vos projets.<\/p>\n<p>[\/et_pb_text][\/et_pb_column][\/et_pb_row][\/et_pb_section][et_pb_section fb_built=\u00a0\u00bb1&Prime; admin_label=\u00a0\u00bbFooter\u00a0\u00bb _builder_version=\u00a0\u00bb4.3.2&Prime; background_image=\u00a0\u00bbhttp:\/\/nv-ingenierie.fr\/wp-content\/uploads\/2020\/10\/image-engineering-objects-workplace-top-view-construction-concept-engineering-tools-vintage-tone-retro-filter-effect-soft-focus-selective-focus_1418-706.jpg\u00a0\u00bb parallax=\u00a0\u00bbon\u00a0\u00bb custom_padding=\u00a0\u00bb90px||90px|\u00a0\u00bb saved_tabs=\u00a0\u00bball\u00a0\u00bb][et_pb_row column_structure=\u00a0\u00bb1_3,2_3&Prime; use_custom_gutter=\u00a0\u00bbon\u00a0\u00bb gutter_width=\u00a0\u00bb2&Prime; make_equal=\u00a0\u00bbon\u00a0\u00bb _builder_version=\u00a0\u00bb3.25&Prime; background_size=\u00a0\u00bbinitial\u00a0\u00bb background_position=\u00a0\u00bbtop_left\u00a0\u00bb background_repeat=\u00a0\u00bbrepeat\u00a0\u00bb custom_padding=\u00a0\u00bb|||\u00a0\u00bb][et_pb_column type=\u00a0\u00bb1_3&Prime; _builder_version=\u00a0\u00bb3.25&Prime; background_color=\u00a0\u00bb#ffffff\u00a0\u00bb background_position=\u00a0\u00bbtop_left\u00a0\u00bb custom_padding=\u00a0\u00bb50px|40px|50px|40px\u00a0\u00bb custom_padding__hover=\u00a0\u00bb|||\u00a0\u00bb][et_pb_text admin_label=\u00a0\u00bbContact US Title\u00a0\u00bb _builder_version=\u00a0\u00bb4.3.2&Prime; header_font=\u00a0\u00bbPoppins|600|||||||\u00a0\u00bb header_text_color=\u00a0\u00bb#5E8CA3&Prime; header_font_size=\u00a0\u00bb24px\u00a0\u00bb header_line_height=\u00a0\u00bb1.2em\u00a0\u00bb custom_padding=\u00a0\u00bb0px|0px|0px|0px\u00a0\u00bb animation_style=\u00a0\u00bbfold\u00a0\u00bb animation_direction=\u00a0\u00bbbottom\u00a0\u00bb animation_intensity_fold=\u00a0\u00bb20%\u00a0\u00bb]<\/p>\n<h2 style=\"text-align: center;\"><strong>Vous avez un projet ?<\/strong><\/h2>\n<p>&nbsp;<\/p>\n<p>&nbsp;<\/p>\n<p>[\/et_pb_text][et_pb_blurb use_icon=\u00a0\u00bbon\u00a0\u00bb font_icon=\u00a0\u00bb%%249%%\u00a0\u00bb icon_color=\u00a0\u00bb#5E8CA3&Prime; icon_placement=\u00a0\u00bbleft\u00a0\u00bb use_icon_font_size=\u00a0\u00bbon\u00a0\u00bb icon_font_size=\u00a0\u00bb28px\u00a0\u00bb icon_font_size_last_edited=\u00a0\u00bboff|desktop\u00a0\u00bb admin_label=\u00a0\u00bbAddress\u00a0\u00bb _builder_version=\u00a0\u00bb4.3.2&Prime; body_font=\u00a0\u00bbPoppins||||||||\u00a0\u00bb custom_margin=\u00a0\u00bb|||\u00a0\u00bb animation_style=\u00a0\u00bbfold\u00a0\u00bb animation_direction=\u00a0\u00bbbottom\u00a0\u00bb animation_intensity_fold=\u00a0\u00bb20%\u00a0\u00bb]<\/p>\n<p>Immeuble Clover<br \/><span>1 route de Franois<\/span><br \/><span>25000 BESANCON<\/span><\/p>\n<p>[\/et_pb_blurb][et_pb_blurb use_icon=\u00a0\u00bbon\u00a0\u00bb font_icon=\u00a0\u00bb%%104%%\u00a0\u00bb icon_color=\u00a0\u00bb#5E8CA3&Prime; icon_placement=\u00a0\u00bbleft\u00a0\u00bb use_icon_font_size=\u00a0\u00bbon\u00a0\u00bb icon_font_size=\u00a0\u00bb28px\u00a0\u00bb icon_font_size_last_edited=\u00a0\u00bboff|desktop\u00a0\u00bb _builder_version=\u00a0\u00bb4.3.2&Prime; body_font=\u00a0\u00bbPoppins||||||||\u00a0\u00bb custom_margin=\u00a0\u00bb|||\u00a0\u00bb animation_style=\u00a0\u00bbfold\u00a0\u00bb animation_direction=\u00a0\u00bbbottom\u00a0\u00bb animation_intensity_fold=\u00a0\u00bb20%\u00a0\u00bb]<\/p>\n<p>06 84 51 11 28<\/p>\n<p>[\/et_pb_blurb][et_pb_blurb use_icon=\u00a0\u00bbon\u00a0\u00bb font_icon=\u00a0\u00bb%%238%%\u00a0\u00bb icon_color=\u00a0\u00bb#5E8CA3&Prime; icon_placement=\u00a0\u00bbleft\u00a0\u00bb use_icon_font_size=\u00a0\u00bbon\u00a0\u00bb icon_font_size=\u00a0\u00bb28px\u00a0\u00bb icon_font_size_last_edited=\u00a0\u00bboff|desktop\u00a0\u00bb admin_label=\u00a0\u00bbEmail\u00a0\u00bb _builder_version=\u00a0\u00bb4.3.2&Prime; body_font=\u00a0\u00bbPoppins||||||||\u00a0\u00bb custom_margin=\u00a0\u00bb|||\u00a0\u00bb animation_style=\u00a0\u00bbfold\u00a0\u00bb animation_direction=\u00a0\u00bbbottom\u00a0\u00bb animation_intensity_fold=\u00a0\u00bb20%\u00a0\u00bb]<\/p>\n<p>contact@nv-ingenierie.fr<\/p>\n<p>[\/et_pb_blurb][et_pb_social_media_follow _builder_version=\u00a0\u00bb3.0.87&Prime;][\/et_pb_social_media_follow][\/et_pb_column][et_pb_column type=\u00a0\u00bb2_3&Prime; _builder_version=\u00a0\u00bb3.25&Prime; background_color=\u00a0\u00bb#ffffff\u00a0\u00bb background_position=\u00a0\u00bbtop_left\u00a0\u00bb custom_padding=\u00a0\u00bb50px|40px|50px|40px\u00a0\u00bb custom_padding__hover=\u00a0\u00bb|||\u00a0\u00bb][et_pb_contact_form email=\u00a0\u00bbcontact@nv-ingenierie.fr\u00a0\u00bb title=\u00a0\u00bbContactez-nous !\u00a0\u00bb success_message=\u00a0\u00bbVotre message a \u00e9t\u00e9 envoy\u00e9 avec succ\u00e8s !\u00a0\u00bb submit_button_text=\u00a0\u00bbEnvoyer\u00a0\u00bb module_id=\u00a0\u00bbet_pb_contact_form_1&Prime; _builder_version=\u00a0\u00bb4.3.2&Prime; form_field_background_color=\u00a0\u00bbrgba(255,255,255,0)\u00a0\u00bb title_level=\u00a0\u00bbh2&Prime; title_font=\u00a0\u00bbPoppins|600|||||||\u00a0\u00bb title_font_size=\u00a0\u00bb24px\u00a0\u00bb custom_button=\u00a0\u00bbon\u00a0\u00bb button_text_size=\u00a0\u00bb16px\u00a0\u00bb button_text_color=\u00a0\u00bb#ffffff\u00a0\u00bb button_bg_color=\u00a0\u00bb#CCCCCC\u00a0\u00bb button_border_width=\u00a0\u00bb2px\u00a0\u00bb button_border_color=\u00a0\u00bb#CCCCCC\u00a0\u00bb button_border_radius=\u00a0\u00bb0px\u00a0\u00bb button_letter_spacing=\u00a0\u00bb2px\u00a0\u00bb button_font=\u00a0\u00bbPoppins|500||on|||||\u00a0\u00bb button_use_icon=\u00a0\u00bboff\u00a0\u00bb animation_style=\u00a0\u00bbfold\u00a0\u00bb animation_direction=\u00a0\u00bbbottom\u00a0\u00bb animation_intensity_fold=\u00a0\u00bb20%\u00a0\u00bb border_width_all=\u00a0\u00bb1px\u00a0\u00bb border_color_all=\u00a0\u00bbrgba(0,0,0,0.12)\u00a0\u00bb border_style_all=\u00a0\u00bbsolid\u00a0\u00bb use_border_color=\u00a0\u00bbon\u00a0\u00bb border_color=\u00a0\u00bbrgba(0,0,0,0.12)\u00a0\u00bb form_background_color=\u00a0\u00bbrgba(255,255,255,0)\u00a0\u00bb button_text_color_hover=\u00a0\u00bb#6eba01&Prime; button_bg_color_hover=\u00a0\u00bbrgba(0,0,0,0)\u00a0\u00bb button_border_color_hover=\u00a0\u00bb#6eba01&Prime; button_border_radius_hover=\u00a0\u00bb0px\u00a0\u00bb button_letter_spacing_hover=\u00a0\u00bb2px\u00a0\u00bb][et_pb_contact_field field_id=\u00a0\u00bbNom\u00a0\u00bb field_title=\u00a0\u00bbNom\u00a0\u00bb fullwidth_field=\u00a0\u00bbon\u00a0\u00bb _builder_version=\u00a0\u00bb4.3.2&Prime; button_text_size__hover_enabled=\u00a0\u00bboff\u00a0\u00bb button_one_text_size__hover_enabled=\u00a0\u00bboff\u00a0\u00bb button_two_text_size__hover_enabled=\u00a0\u00bboff\u00a0\u00bb button_text_color__hover_enabled=\u00a0\u00bboff\u00a0\u00bb button_one_text_color__hover_enabled=\u00a0\u00bboff\u00a0\u00bb button_two_text_color__hover_enabled=\u00a0\u00bboff\u00a0\u00bb button_border_width__hover_enabled=\u00a0\u00bboff\u00a0\u00bb button_one_border_width__hover_enabled=\u00a0\u00bboff\u00a0\u00bb button_two_border_width__hover_enabled=\u00a0\u00bboff\u00a0\u00bb button_border_color__hover_enabled=\u00a0\u00bboff\u00a0\u00bb button_one_border_color__hover_enabled=\u00a0\u00bboff\u00a0\u00bb button_two_border_color__hover_enabled=\u00a0\u00bboff\u00a0\u00bb button_border_radius__hover_enabled=\u00a0\u00bboff\u00a0\u00bb button_one_border_radius__hover_enabled=\u00a0\u00bboff\u00a0\u00bb button_two_border_radius__hover_enabled=\u00a0\u00bboff\u00a0\u00bb button_letter_spacing__hover_enabled=\u00a0\u00bboff\u00a0\u00bb button_one_letter_spacing__hover_enabled=\u00a0\u00bboff\u00a0\u00bb button_two_letter_spacing__hover_enabled=\u00a0\u00bboff\u00a0\u00bb button_bg_color__hover_enabled=\u00a0\u00bboff\u00a0\u00bb button_one_bg_color__hover_enabled=\u00a0\u00bboff\u00a0\u00bb button_two_bg_color__hover_enabled=\u00a0\u00bboff\u00a0\u00bb][\/et_pb_contact_field][et_pb_contact_field field_id=\u00a0\u00bbEmail\u00a0\u00bb field_title=\u00a0\u00bbAdresse e-mail\u00a0\u00bb field_type=\u00a0\u00bbemail\u00a0\u00bb fullwidth_field=\u00a0\u00bbon\u00a0\u00bb _builder_version=\u00a0\u00bb4.3.2&Prime; button_text_size__hover_enabled=\u00a0\u00bboff\u00a0\u00bb button_one_text_size__hover_enabled=\u00a0\u00bboff\u00a0\u00bb button_two_text_size__hover_enabled=\u00a0\u00bboff\u00a0\u00bb button_text_color__hover_enabled=\u00a0\u00bboff\u00a0\u00bb button_one_text_color__hover_enabled=\u00a0\u00bboff\u00a0\u00bb button_two_text_color__hover_enabled=\u00a0\u00bboff\u00a0\u00bb button_border_width__hover_enabled=\u00a0\u00bboff\u00a0\u00bb button_one_border_width__hover_enabled=\u00a0\u00bboff\u00a0\u00bb button_two_border_width__hover_enabled=\u00a0\u00bboff\u00a0\u00bb button_border_color__hover_enabled=\u00a0\u00bboff\u00a0\u00bb button_one_border_color__hover_enabled=\u00a0\u00bboff\u00a0\u00bb button_two_border_color__hover_enabled=\u00a0\u00bboff\u00a0\u00bb button_border_radius__hover_enabled=\u00a0\u00bboff\u00a0\u00bb button_one_border_radius__hover_enabled=\u00a0\u00bboff\u00a0\u00bb button_two_border_radius__hover_enabled=\u00a0\u00bboff\u00a0\u00bb button_letter_spacing__hover_enabled=\u00a0\u00bboff\u00a0\u00bb button_one_letter_spacing__hover_enabled=\u00a0\u00bboff\u00a0\u00bb button_two_letter_spacing__hover_enabled=\u00a0\u00bboff\u00a0\u00bb button_bg_color__hover_enabled=\u00a0\u00bboff\u00a0\u00bb button_one_bg_color__hover_enabled=\u00a0\u00bboff\u00a0\u00bb button_two_bg_color__hover_enabled=\u00a0\u00bboff\u00a0\u00bb][\/et_pb_contact_field][et_pb_contact_field field_id=\u00a0\u00bbMessage\u00a0\u00bb field_title=\u00a0\u00bbVotre message\u00a0\u00bb field_type=\u00a0\u00bbtext\u00a0\u00bb fullwidth_field=\u00a0\u00bbon\u00a0\u00bb _builder_version=\u00a0\u00bb4.3.2&Prime; button_text_size__hover_enabled=\u00a0\u00bboff\u00a0\u00bb button_one_text_size__hover_enabled=\u00a0\u00bboff\u00a0\u00bb button_two_text_size__hover_enabled=\u00a0\u00bboff\u00a0\u00bb button_text_color__hover_enabled=\u00a0\u00bboff\u00a0\u00bb button_one_text_color__hover_enabled=\u00a0\u00bboff\u00a0\u00bb button_two_text_color__hover_enabled=\u00a0\u00bboff\u00a0\u00bb button_border_width__hover_enabled=\u00a0\u00bboff\u00a0\u00bb button_one_border_width__hover_enabled=\u00a0\u00bboff\u00a0\u00bb button_two_border_width__hover_enabled=\u00a0\u00bboff\u00a0\u00bb button_border_color__hover_enabled=\u00a0\u00bboff\u00a0\u00bb button_one_border_color__hover_enabled=\u00a0\u00bboff\u00a0\u00bb button_two_border_color__hover_enabled=\u00a0\u00bboff\u00a0\u00bb button_border_radius__hover_enabled=\u00a0\u00bboff\u00a0\u00bb button_one_border_radius__hover_enabled=\u00a0\u00bboff\u00a0\u00bb button_two_border_radius__hover_enabled=\u00a0\u00bboff\u00a0\u00bb button_letter_spacing__hover_enabled=\u00a0\u00bboff\u00a0\u00bb button_one_letter_spacing__hover_enabled=\u00a0\u00bboff\u00a0\u00bb button_two_letter_spacing__hover_enabled=\u00a0\u00bboff\u00a0\u00bb button_bg_color__hover_enabled=\u00a0\u00bboff\u00a0\u00bb button_one_bg_color__hover_enabled=\u00a0\u00bboff\u00a0\u00bb button_two_bg_color__hover_enabled=\u00a0\u00bboff\u00a0\u00bb][\/et_pb_contact_field][\/et_pb_contact_form][\/et_pb_column][\/et_pb_row][\/et_pb_section]<\/p>\n","protected":false},"excerpt":{"rendered":"<p>Cr\u00e9\u00e9e en 2019, NVI est une soci\u00e9t\u00e9 de ma\u00eetrise d\u2019\u0153uvre et contractant g\u00e9n\u00e9ral, bas\u00e9e \u00e0 Besan\u00e7on et sp\u00e9cialis\u00e9e en ing\u00e9nierie du b\u00e2timent.<\/p>\n","protected":false},"author":1,"featured_media":12,"parent":0,"menu_order":0,"comment_status":"closed","ping_status":"closed","template":"","meta":{"_et_pb_use_builder":"on","_et_pb_old_content":"","_et_gb_content_width":"","footnotes":""},"class_list":["post-240","page","type-page","status-publish","has-post-thumbnail","hentry"],"yoast_head":"<!-- This site is optimized with the Yoast SEO plugin v24.9 - https:\/\/yoast.com\/wordpress\/plugins\/seo\/ -->\n<title>A propos - NV Ing\u00e9nierie - Ma\u00eetrise d&#039;oeuvre et contractant g\u00e9n\u00e9ral<\/title>\n<meta name=\"description\" content=\"Cr\u00e9\u00e9e en 2019, NVI est une soci\u00e9t\u00e9 de ma\u00eetrise d\u2019\u0153uvre et contractant g\u00e9n\u00e9ral, bas\u00e9e \u00e0 Besan\u00e7on et sp\u00e9cialis\u00e9e en ing\u00e9nierie du b\u00e2timent.\" \/>\n<meta name=\"robots\" content=\"index, follow, max-snippet:-1, max-image-preview:large, max-video-preview:-1\" \/>\n<link rel=\"canonical\" href=\"https:\/\/nv-ingenierie.fr\/index.php\/a-propos\/\" \/>\n<meta property=\"og:locale\" content=\"fr_FR\" \/>\n<meta property=\"og:type\" content=\"article\" \/>\n<meta property=\"og:title\" content=\"A propos - NV Ing\u00e9nierie - Ma\u00eetrise d&#039;oeuvre et contractant g\u00e9n\u00e9ral\" \/>\n<meta property=\"og:description\" content=\"Cr\u00e9\u00e9e en 2019, NVI est une soci\u00e9t\u00e9 de ma\u00eetrise d\u2019\u0153uvre et contractant g\u00e9n\u00e9ral, bas\u00e9e \u00e0 Besan\u00e7on et sp\u00e9cialis\u00e9e en ing\u00e9nierie du b\u00e2timent.\" \/>\n<meta property=\"og:url\" content=\"https:\/\/nv-ingenierie.fr\/index.php\/a-propos\/\" \/>\n<meta property=\"og:site_name\" content=\"NV Ing\u00e9nierie\" \/>\n<meta property=\"article:modified_time\" content=\"2024-04-15T21:22:52+00:00\" \/>\n<meta property=\"og:image\" content=\"https:\/\/nv-ingenierie.fr\/wp-content\/uploads\/2020\/07\/Logo-NVI-cubes-crop.jpg\" \/>\n\t<meta property=\"og:image:width\" content=\"123\" \/>\n\t<meta property=\"og:image:height\" content=\"118\" \/>\n\t<meta property=\"og:image:type\" content=\"image\/jpeg\" \/>\n<meta name=\"twitter:card\" content=\"summary_large_image\" \/>\n<meta name=\"twitter:label1\" content=\"Dur\u00e9e de lecture estim\u00e9e\" \/>\n\t<meta name=\"twitter:data1\" content=\"7 minutes\" \/>\n<script type=\"application\/ld+json\" class=\"yoast-schema-graph\">{\"@context\":\"https:\/\/schema.org\",\"@graph\":[{\"@type\":\"WebPage\",\"@id\":\"https:\/\/nv-ingenierie.fr\/index.php\/a-propos\/\",\"url\":\"https:\/\/nv-ingenierie.fr\/index.php\/a-propos\/\",\"name\":\"A propos - NV Ing\u00e9nierie - Ma\u00eetrise d'oeuvre et contractant g\u00e9n\u00e9ral\",\"isPartOf\":{\"@id\":\"https:\/\/nv-ingenierie.fr\/#website\"},\"primaryImageOfPage\":{\"@id\":\"https:\/\/nv-ingenierie.fr\/index.php\/a-propos\/#primaryimage\"},\"image\":{\"@id\":\"https:\/\/nv-ingenierie.fr\/index.php\/a-propos\/#primaryimage\"},\"thumbnailUrl\":\"https:\/\/nv-ingenierie.fr\/wp-content\/uploads\/2020\/07\/Logo-NVI-cubes-crop.jpg\",\"datePublished\":\"2020-08-19T14:49:49+00:00\",\"dateModified\":\"2024-04-15T21:22:52+00:00\",\"description\":\"Cr\u00e9\u00e9e en 2019, NVI est une soci\u00e9t\u00e9 de ma\u00eetrise d\u2019\u0153uvre et contractant g\u00e9n\u00e9ral, bas\u00e9e \u00e0 Besan\u00e7on et sp\u00e9cialis\u00e9e en ing\u00e9nierie du b\u00e2timent.\",\"breadcrumb\":{\"@id\":\"https:\/\/nv-ingenierie.fr\/index.php\/a-propos\/#breadcrumb\"},\"inLanguage\":\"fr-FR\",\"potentialAction\":[{\"@type\":\"ReadAction\",\"target\":[\"https:\/\/nv-ingenierie.fr\/index.php\/a-propos\/\"]}]},{\"@type\":\"ImageObject\",\"inLanguage\":\"fr-FR\",\"@id\":\"https:\/\/nv-ingenierie.fr\/index.php\/a-propos\/#primaryimage\",\"url\":\"https:\/\/nv-ingenierie.fr\/wp-content\/uploads\/2020\/07\/Logo-NVI-cubes-crop.jpg\",\"contentUrl\":\"https:\/\/nv-ingenierie.fr\/wp-content\/uploads\/2020\/07\/Logo-NVI-cubes-crop.jpg\",\"width\":123,\"height\":118,\"caption\":\"Favicon NVI\"},{\"@type\":\"BreadcrumbList\",\"@id\":\"https:\/\/nv-ingenierie.fr\/index.php\/a-propos\/#breadcrumb\",\"itemListElement\":[{\"@type\":\"ListItem\",\"position\":1,\"name\":\"Accueil\",\"item\":\"https:\/\/nv-ingenierie.fr\/\"},{\"@type\":\"ListItem\",\"position\":2,\"name\":\"A propos\"}]},{\"@type\":\"WebSite\",\"@id\":\"https:\/\/nv-ingenierie.fr\/#website\",\"url\":\"https:\/\/nv-ingenierie.fr\/\",\"name\":\"NV Ing\u00e9nierie\",\"description\":\"Etude et ma\u00eetrise d&#039;oeuvre - Contractant g\u00e9n\u00e9ral\",\"potentialAction\":[{\"@type\":\"SearchAction\",\"target\":{\"@type\":\"EntryPoint\",\"urlTemplate\":\"https:\/\/nv-ingenierie.fr\/?s={search_term_string}\"},\"query-input\":{\"@type\":\"PropertyValueSpecification\",\"valueRequired\":true,\"valueName\":\"search_term_string\"}}],\"inLanguage\":\"fr-FR\"}]}<\/script>\n<!-- \/ Yoast SEO plugin. -->","yoast_head_json":{"title":"A propos - NV Ing\u00e9nierie - Ma\u00eetrise d'oeuvre et contractant g\u00e9n\u00e9ral","description":"Cr\u00e9\u00e9e en 2019, NVI est une soci\u00e9t\u00e9 de ma\u00eetrise d\u2019\u0153uvre et contractant g\u00e9n\u00e9ral, bas\u00e9e \u00e0 Besan\u00e7on et sp\u00e9cialis\u00e9e en ing\u00e9nierie du b\u00e2timent.","robots":{"index":"index","follow":"follow","max-snippet":"max-snippet:-1","max-image-preview":"max-image-preview:large","max-video-preview":"max-video-preview:-1"},"canonical":"https:\/\/nv-ingenierie.fr\/index.php\/a-propos\/","og_locale":"fr_FR","og_type":"article","og_title":"A propos - NV Ing\u00e9nierie - Ma\u00eetrise d'oeuvre et contractant g\u00e9n\u00e9ral","og_description":"Cr\u00e9\u00e9e en 2019, NVI est une soci\u00e9t\u00e9 de ma\u00eetrise d\u2019\u0153uvre et contractant g\u00e9n\u00e9ral, bas\u00e9e \u00e0 Besan\u00e7on et sp\u00e9cialis\u00e9e en ing\u00e9nierie du b\u00e2timent.","og_url":"https:\/\/nv-ingenierie.fr\/index.php\/a-propos\/","og_site_name":"NV Ing\u00e9nierie","article_modified_time":"2024-04-15T21:22:52+00:00","og_image":[{"width":123,"height":118,"url":"https:\/\/nv-ingenierie.fr\/wp-content\/uploads\/2020\/07\/Logo-NVI-cubes-crop.jpg","type":"image\/jpeg"}],"twitter_card":"summary_large_image","twitter_misc":{"Dur\u00e9e de lecture estim\u00e9e":"7 minutes"},"schema":{"@context":"https:\/\/schema.org","@graph":[{"@type":"WebPage","@id":"https:\/\/nv-ingenierie.fr\/index.php\/a-propos\/","url":"https:\/\/nv-ingenierie.fr\/index.php\/a-propos\/","name":"A propos - NV Ing\u00e9nierie - Ma\u00eetrise d'oeuvre et contractant g\u00e9n\u00e9ral","isPartOf":{"@id":"https:\/\/nv-ingenierie.fr\/#website"},"primaryImageOfPage":{"@id":"https:\/\/nv-ingenierie.fr\/index.php\/a-propos\/#primaryimage"},"image":{"@id":"https:\/\/nv-ingenierie.fr\/index.php\/a-propos\/#primaryimage"},"thumbnailUrl":"https:\/\/nv-ingenierie.fr\/wp-content\/uploads\/2020\/07\/Logo-NVI-cubes-crop.jpg","datePublished":"2020-08-19T14:49:49+00:00","dateModified":"2024-04-15T21:22:52+00:00","description":"Cr\u00e9\u00e9e en 2019, NVI est une soci\u00e9t\u00e9 de ma\u00eetrise d\u2019\u0153uvre et contractant g\u00e9n\u00e9ral, bas\u00e9e \u00e0 Besan\u00e7on et sp\u00e9cialis\u00e9e en ing\u00e9nierie du b\u00e2timent.","breadcrumb":{"@id":"https:\/\/nv-ingenierie.fr\/index.php\/a-propos\/#breadcrumb"},"inLanguage":"fr-FR","potentialAction":[{"@type":"ReadAction","target":["https:\/\/nv-ingenierie.fr\/index.php\/a-propos\/"]}]},{"@type":"ImageObject","inLanguage":"fr-FR","@id":"https:\/\/nv-ingenierie.fr\/index.php\/a-propos\/#primaryimage","url":"https:\/\/nv-ingenierie.fr\/wp-content\/uploads\/2020\/07\/Logo-NVI-cubes-crop.jpg","contentUrl":"https:\/\/nv-ingenierie.fr\/wp-content\/uploads\/2020\/07\/Logo-NVI-cubes-crop.jpg","width":123,"height":118,"caption":"Favicon NVI"},{"@type":"BreadcrumbList","@id":"https:\/\/nv-ingenierie.fr\/index.php\/a-propos\/#breadcrumb","itemListElement":[{"@type":"ListItem","position":1,"name":"Accueil","item":"https:\/\/nv-ingenierie.fr\/"},{"@type":"ListItem","position":2,"name":"A propos"}]},{"@type":"WebSite","@id":"https:\/\/nv-ingenierie.fr\/#website","url":"https:\/\/nv-ingenierie.fr\/","name":"NV Ing\u00e9nierie","description":"Etude et ma\u00eetrise d&#039;oeuvre - Contractant g\u00e9n\u00e9ral","potentialAction":[{"@type":"SearchAction","target":{"@type":"EntryPoint","urlTemplate":"https:\/\/nv-ingenierie.fr\/?s={search_term_string}"},"query-input":{"@type":"PropertyValueSpecification","valueRequired":true,"valueName":"search_term_string"}}],"inLanguage":"fr-FR"}]}},"_links":{"self":[{"href":"https:\/\/nv-ingenierie.fr\/index.php\/wp-json\/wp\/v2\/pages\/240","targetHints":{"allow":["GET"]}}],"collection":[{"href":"https:\/\/nv-ingenierie.fr\/index.php\/wp-json\/wp\/v2\/pages"}],"about":[{"href":"https:\/\/nv-ingenierie.fr\/index.php\/wp-json\/wp\/v2\/types\/page"}],"author":[{"embeddable":true,"href":"https:\/\/nv-ingenierie.fr\/index.php\/wp-json\/wp\/v2\/users\/1"}],"replies":[{"embeddable":true,"href":"https:\/\/nv-ingenierie.fr\/index.php\/wp-json\/wp\/v2\/comments?post=240"}],"version-history":[{"count":18,"href":"https:\/\/nv-ingenierie.fr\/index.php\/wp-json\/wp\/v2\/pages\/240\/revisions"}],"predecessor-version":[{"id":638,"href":"https:\/\/nv-ingenierie.fr\/index.php\/wp-json\/wp\/v2\/pages\/240\/revisions\/638"}],"wp:featuredmedia":[{"embeddable":true,"href":"https:\/\/nv-ingenierie.fr\/index.php\/wp-json\/wp\/v2\/media\/12"}],"wp:attachment":[{"href":"https:\/\/nv-ingenierie.fr\/index.php\/wp-json\/wp\/v2\/media?parent=240"}],"curies":[{"name":"wp","href":"https:\/\/api.w.org\/{rel}","templated":true}]}}