{"id":592,"date":"2020-10-21T19:57:45","date_gmt":"2020-10-21T17:57:45","guid":{"rendered":"http:\/\/nv-ingenierie.fr\/?page_id=592"},"modified":"2024-04-15T23:25:14","modified_gmt":"2024-04-15T21:25:14","slug":"mentions-legales","status":"publish","type":"page","link":"https:\/\/nv-ingenierie.fr\/index.php\/mentions-legales\/","title":{"rendered":"Mentions l\u00e9gales"},"content":{"rendered":"<p>[et_pb_section fb_built=\u00a0\u00bb1&Prime; _builder_version=\u00a0\u00bb4.3.2&Prime;][et_pb_row _builder_version=\u00a0\u00bb4.3.2&Prime;][et_pb_column type=\u00a0\u00bb4_4&Prime; _builder_version=\u00a0\u00bb4.3.2&Prime;][et_pb_text _builder_version=\u00a0\u00bb4.3.2&Prime; text_font=\u00a0\u00bbPoppins|300|||||||\u00a0\u00bb text_font_size=\u00a0\u00bb20px\u00a0\u00bb text_line_height=\u00a0\u00bb1.8em\u00a0\u00bb link_font=\u00a0\u00bb||||||||\u00a0\u00bb ul_font=\u00a0\u00bb||||||||\u00a0\u00bb header_font=\u00a0\u00bb||||||||\u00a0\u00bb header_2_font=\u00a0\u00bb||||||||\u00a0\u00bb header_3_font=\u00a0\u00bbPoppins||||||||\u00a0\u00bb header_3_font_size=\u00a0\u00bb45px\u00a0\u00bb header_3_line_height=\u00a0\u00bb1.5em\u00a0\u00bb header_4_font=\u00a0\u00bb||||||||\u00a0\u00bb header_5_font=\u00a0\u00bbPoppins|700||on|||||\u00a0\u00bb header_5_text_color=\u00a0\u00bb#3B3E46&Prime; header_5_letter_spacing=\u00a0\u00bb1px\u00a0\u00bb header_5_line_height=\u00a0\u00bb1.8em\u00a0\u00bb text_orientation=\u00a0\u00bbcenter\u00a0\u00bb max_width_tablet=\u00a0\u00bb100%\u00a0\u00bb max_width_phone=\u00a0\u00bb100%\u00a0\u00bb max_width_last_edited=\u00a0\u00bboff|desktop\u00a0\u00bb module_alignment=\u00a0\u00bbright\u00a0\u00bb]<\/p>\n<h5><\/h5>\n<h3>Mentions l\u00e9gales<\/h3>\n<p>[\/et_pb_text][et_pb_text _builder_version=\u00a0\u00bb4.3.2&Prime;]<\/p>\n<h2>Pr\u00e9ambule<\/h2>\n<p>Le site http:\/\/nv-ingenierie.fr est \u00e9dit\u00e9 par EURL NV INGENIERIE, dont le si\u00e8ge social est situ\u00e9 Immeuble Clover 1 route de Franois 25000 BESANCON.<\/p>\n<p>NV INGENIERIE s\u2019efforce d\u2019assurer au mieux de ses possibilit\u00e9s, l\u2019exactitude et la mise \u00e0 jour des informations diffus\u00e9es sur ce site, dont elle se r\u00e9serve le droit de corriger, \u00e0 tout moment et sans pr\u00e9avis, le contenu. Toutefois, NV INGENIERIE ne peut garantir l\u2019exactitude, la pr\u00e9cision ou l\u2019exhaustivit\u00e9 des informations mises \u00e0 la disposition sur ce site.<br \/> En cons\u00e9quence NV INGENIERIE d\u00e9cline toute responsabilit\u00e9 pour toute interruption du site, probl\u00e8mes techniques, pour toute inexactitude ou omission sur des informations disponibles sur le site, pour tous dommages r\u00e9sultant d\u2019une intrusion frauduleuse d\u2019un tiers ayant entra\u00een\u00e9 une modification des informations mises \u00e0 la disposition sur le site.<\/p>\n<h2>Directeur de la publication<\/h2>\n<p>Nicolas VIEILLE, G\u00e9rant<\/p>\n<h2>H\u00e9bergement<\/h2>\n<p>Le site web est h\u00e9berg\u00e9 par : OVH<\/p>\n<h2>Propri\u00e9t\u00e9 intellectuelle<\/h2>\n<p>La reproduction de tous documents publi\u00e9s sur le site http:\/\/nv-ingenierie.fr est seulement autoris\u00e9e aux fins exclusives d\u2019information pour un usage personnel et priv\u00e9, toute reproduction et toute utilisation de copies r\u00e9alis\u00e9es \u00e0 d\u2019autres fins \u00e9tant express\u00e9ment interdites. Tous les articles, photographies et autres documents sur ce site sont la propri\u00e9t\u00e9 de NV INGENIERIE, ou sont diffus\u00e9s avec l\u2019autorisation de leurs propri\u00e9taires, et sont soumis aux droits d\u2019auteurs et autres droits de propri\u00e9t\u00e9 intellectuelle. Les marques de commerce, logos, mod\u00e8les pr\u00e9sents sur ce site appartiennent \u00e0 NV INGENIERIE ou leurs propri\u00e9taires respectifs. Aucune interpr\u00e9tation ne peut \u00eatre faite en faveur d\u2019une licence d\u2019utilisation ou d\u2019un quelconque droit d\u2019utiliser la marque affich\u00e9e sur le site Internet.<\/p>\n<p>L\u2019utilisation frauduleuse de la marque ou de tout autre contenu du site internet est totalement interdite. Il est notamment interdit de copier, reproduire, repr\u00e9senter, modifier et\/ou exploiter, de quelques fa\u00e7ons que ce soit et \u00e0 quelques fins que ce soit, tout ou partie de la structure et du contenu du site https:\/\/nv-ingenierie.fr.<\/p>\n<p>NV INGENIERIE vous informe qu\u2019elle usera largement de ses droits de propri\u00e9t\u00e9<br \/> intellectuelle pour engager des poursuites si n\u00e9cessaires.<\/p>\n<h2>Donn\u00e9es personnelles<\/h2>\n<p>Conform\u00e9ment \u00e0 la Loi n\u00b078-17 relative \u00e0 l\u2019informatique, aux fichiers et aux libert\u00e9s du 6 janvier 1978, vous disposez d\u2019un droit d\u2019acc\u00e8s, de rectification et de suppression des donn\u00e9es personnelles que vous nous avez communiqu\u00e9es.<\/p>\n<p>Pour exercer ce droit, envoyer un courrier \u00e0 : contact[at]nv-ingenierie.fr<\/p>\n<h2>Contact<\/h2>\n<p>EURL NV INGENIERIE<br \/> Adresse : Immeuble Clover 1 route de Franois 25000 BESANCON<br \/> G\u00e9rant : M. VIEILLE Nicolas<br \/> Tel. : 06 84 51 11 28 &#8211; Mail : contact [at] nv-ingenierie.fr<br \/> N\u00b0SIRET : 878\u00a0623\u00a0651 00014 | APE : 7112B<\/p>\n<p>[\/et_pb_text][\/et_pb_column][\/et_pb_row][\/et_pb_section]<\/p>\n","protected":false},"excerpt":{"rendered":"<p>Le site http:\/\/nv-ingenierie.fr est \u00e9dit\u00e9 par EURL NV INGENIERIE, dont le si\u00e8ge social est situ\u00e9 \u00e0 CHEMAUDIN ET VAUX.<\/p>\n","protected":false},"author":1,"featured_media":12,"parent":0,"menu_order":0,"comment_status":"closed","ping_status":"closed","template":"","meta":{"_et_pb_use_builder":"on","_et_pb_old_content":"","_et_gb_content_width":"","footnotes":""},"class_list":["post-592","page","type-page","status-publish","has-post-thumbnail","hentry"],"yoast_head":"<!-- This site is optimized with the Yoast SEO plugin v24.9 - https:\/\/yoast.com\/wordpress\/plugins\/seo\/ -->\n<title>Mentions l\u00e9gales - NV Ing\u00e9nierie -Etudes et ma\u00eetrise d&#039;oeuvre<\/title>\n<meta name=\"description\" content=\"Le site http:\/\/nv-ingenierie.fr est \u00e9dit\u00e9 par EURL NV INGENIERIE, dont le si\u00e8ge social est situ\u00e9 \u00e0 CHEMAUDIN ET VAUX.\" \/>\n<meta name=\"robots\" content=\"index, follow, max-snippet:-1, max-image-preview:large, max-video-preview:-1\" \/>\n<link rel=\"canonical\" href=\"https:\/\/nv-ingenierie.fr\/index.php\/mentions-legales\/\" \/>\n<meta property=\"og:locale\" content=\"fr_FR\" \/>\n<meta property=\"og:type\" content=\"article\" \/>\n<meta property=\"og:title\" content=\"Mentions l\u00e9gales - NV Ing\u00e9nierie -Etudes et ma\u00eetrise d&#039;oeuvre\" \/>\n<meta property=\"og:description\" content=\"Le site http:\/\/nv-ingenierie.fr est \u00e9dit\u00e9 par EURL NV INGENIERIE, dont le si\u00e8ge social est situ\u00e9 \u00e0 CHEMAUDIN ET VAUX.\" \/>\n<meta property=\"og:url\" content=\"https:\/\/nv-ingenierie.fr\/index.php\/mentions-legales\/\" \/>\n<meta property=\"og:site_name\" content=\"NV Ing\u00e9nierie\" \/>\n<meta property=\"article:modified_time\" content=\"2024-04-15T21:25:14+00:00\" \/>\n<meta property=\"og:image\" content=\"https:\/\/nv-ingenierie.fr\/wp-content\/uploads\/2020\/07\/Logo-NVI-cubes-crop.jpg\" \/>\n\t<meta property=\"og:image:width\" content=\"123\" \/>\n\t<meta property=\"og:image:height\" content=\"118\" \/>\n\t<meta property=\"og:image:type\" content=\"image\/jpeg\" \/>\n<meta name=\"twitter:card\" content=\"summary_large_image\" \/>\n<meta name=\"twitter:label1\" content=\"Dur\u00e9e de lecture estim\u00e9e\" \/>\n\t<meta name=\"twitter:data1\" content=\"3 minutes\" \/>\n<script type=\"application\/ld+json\" class=\"yoast-schema-graph\">{\"@context\":\"https:\/\/schema.org\",\"@graph\":[{\"@type\":\"WebPage\",\"@id\":\"https:\/\/nv-ingenierie.fr\/index.php\/mentions-legales\/\",\"url\":\"https:\/\/nv-ingenierie.fr\/index.php\/mentions-legales\/\",\"name\":\"Mentions l\u00e9gales - NV Ing\u00e9nierie -Etudes et ma\u00eetrise d'oeuvre\",\"isPartOf\":{\"@id\":\"https:\/\/nv-ingenierie.fr\/#website\"},\"primaryImageOfPage\":{\"@id\":\"https:\/\/nv-ingenierie.fr\/index.php\/mentions-legales\/#primaryimage\"},\"image\":{\"@id\":\"https:\/\/nv-ingenierie.fr\/index.php\/mentions-legales\/#primaryimage\"},\"thumbnailUrl\":\"https:\/\/nv-ingenierie.fr\/wp-content\/uploads\/2020\/07\/Logo-NVI-cubes-crop.jpg\",\"datePublished\":\"2020-10-21T17:57:45+00:00\",\"dateModified\":\"2024-04-15T21:25:14+00:00\",\"description\":\"Le site http:\/\/nv-ingenierie.fr est \u00e9dit\u00e9 par EURL NV INGENIERIE, dont le si\u00e8ge social est situ\u00e9 \u00e0 CHEMAUDIN ET VAUX.\",\"breadcrumb\":{\"@id\":\"https:\/\/nv-ingenierie.fr\/index.php\/mentions-legales\/#breadcrumb\"},\"inLanguage\":\"fr-FR\",\"potentialAction\":[{\"@type\":\"ReadAction\",\"target\":[\"https:\/\/nv-ingenierie.fr\/index.php\/mentions-legales\/\"]}]},{\"@type\":\"ImageObject\",\"inLanguage\":\"fr-FR\",\"@id\":\"https:\/\/nv-ingenierie.fr\/index.php\/mentions-legales\/#primaryimage\",\"url\":\"https:\/\/nv-ingenierie.fr\/wp-content\/uploads\/2020\/07\/Logo-NVI-cubes-crop.jpg\",\"contentUrl\":\"https:\/\/nv-ingenierie.fr\/wp-content\/uploads\/2020\/07\/Logo-NVI-cubes-crop.jpg\",\"width\":123,\"height\":118,\"caption\":\"Favicon NVI\"},{\"@type\":\"BreadcrumbList\",\"@id\":\"https:\/\/nv-ingenierie.fr\/index.php\/mentions-legales\/#breadcrumb\",\"itemListElement\":[{\"@type\":\"ListItem\",\"position\":1,\"name\":\"Accueil\",\"item\":\"https:\/\/nv-ingenierie.fr\/\"},{\"@type\":\"ListItem\",\"position\":2,\"name\":\"Mentions l\u00e9gales\"}]},{\"@type\":\"WebSite\",\"@id\":\"https:\/\/nv-ingenierie.fr\/#website\",\"url\":\"https:\/\/nv-ingenierie.fr\/\",\"name\":\"NV Ing\u00e9nierie\",\"description\":\"Etude et ma\u00eetrise d&#039;oeuvre - Contractant g\u00e9n\u00e9ral\",\"potentialAction\":[{\"@type\":\"SearchAction\",\"target\":{\"@type\":\"EntryPoint\",\"urlTemplate\":\"https:\/\/nv-ingenierie.fr\/?s={search_term_string}\"},\"query-input\":{\"@type\":\"PropertyValueSpecification\",\"valueRequired\":true,\"valueName\":\"search_term_string\"}}],\"inLanguage\":\"fr-FR\"}]}<\/script>\n<!-- \/ Yoast SEO plugin. -->","yoast_head_json":{"title":"Mentions l\u00e9gales - NV Ing\u00e9nierie -Etudes et ma\u00eetrise d'oeuvre","description":"Le site http:\/\/nv-ingenierie.fr est \u00e9dit\u00e9 par EURL NV INGENIERIE, dont le si\u00e8ge social est situ\u00e9 \u00e0 CHEMAUDIN ET VAUX.","robots":{"index":"index","follow":"follow","max-snippet":"max-snippet:-1","max-image-preview":"max-image-preview:large","max-video-preview":"max-video-preview:-1"},"canonical":"https:\/\/nv-ingenierie.fr\/index.php\/mentions-legales\/","og_locale":"fr_FR","og_type":"article","og_title":"Mentions l\u00e9gales - NV Ing\u00e9nierie -Etudes et ma\u00eetrise d'oeuvre","og_description":"Le site http:\/\/nv-ingenierie.fr est \u00e9dit\u00e9 par EURL NV INGENIERIE, dont le si\u00e8ge social est situ\u00e9 \u00e0 CHEMAUDIN ET VAUX.","og_url":"https:\/\/nv-ingenierie.fr\/index.php\/mentions-legales\/","og_site_name":"NV Ing\u00e9nierie","article_modified_time":"2024-04-15T21:25:14+00:00","og_image":[{"width":123,"height":118,"url":"https:\/\/nv-ingenierie.fr\/wp-content\/uploads\/2020\/07\/Logo-NVI-cubes-crop.jpg","type":"image\/jpeg"}],"twitter_card":"summary_large_image","twitter_misc":{"Dur\u00e9e de lecture estim\u00e9e":"3 minutes"},"schema":{"@context":"https:\/\/schema.org","@graph":[{"@type":"WebPage","@id":"https:\/\/nv-ingenierie.fr\/index.php\/mentions-legales\/","url":"https:\/\/nv-ingenierie.fr\/index.php\/mentions-legales\/","name":"Mentions l\u00e9gales - NV Ing\u00e9nierie -Etudes et ma\u00eetrise d'oeuvre","isPartOf":{"@id":"https:\/\/nv-ingenierie.fr\/#website"},"primaryImageOfPage":{"@id":"https:\/\/nv-ingenierie.fr\/index.php\/mentions-legales\/#primaryimage"},"image":{"@id":"https:\/\/nv-ingenierie.fr\/index.php\/mentions-legales\/#primaryimage"},"thumbnailUrl":"https:\/\/nv-ingenierie.fr\/wp-content\/uploads\/2020\/07\/Logo-NVI-cubes-crop.jpg","datePublished":"2020-10-21T17:57:45+00:00","dateModified":"2024-04-15T21:25:14+00:00","description":"Le site http:\/\/nv-ingenierie.fr est \u00e9dit\u00e9 par EURL NV INGENIERIE, dont le si\u00e8ge social est situ\u00e9 \u00e0 CHEMAUDIN ET VAUX.","breadcrumb":{"@id":"https:\/\/nv-ingenierie.fr\/index.php\/mentions-legales\/#breadcrumb"},"inLanguage":"fr-FR","potentialAction":[{"@type":"ReadAction","target":["https:\/\/nv-ingenierie.fr\/index.php\/mentions-legales\/"]}]},{"@type":"ImageObject","inLanguage":"fr-FR","@id":"https:\/\/nv-ingenierie.fr\/index.php\/mentions-legales\/#primaryimage","url":"https:\/\/nv-ingenierie.fr\/wp-content\/uploads\/2020\/07\/Logo-NVI-cubes-crop.jpg","contentUrl":"https:\/\/nv-ingenierie.fr\/wp-content\/uploads\/2020\/07\/Logo-NVI-cubes-crop.jpg","width":123,"height":118,"caption":"Favicon NVI"},{"@type":"BreadcrumbList","@id":"https:\/\/nv-ingenierie.fr\/index.php\/mentions-legales\/#breadcrumb","itemListElement":[{"@type":"ListItem","position":1,"name":"Accueil","item":"https:\/\/nv-ingenierie.fr\/"},{"@type":"ListItem","position":2,"name":"Mentions l\u00e9gales"}]},{"@type":"WebSite","@id":"https:\/\/nv-ingenierie.fr\/#website","url":"https:\/\/nv-ingenierie.fr\/","name":"NV Ing\u00e9nierie","description":"Etude et ma\u00eetrise d&#039;oeuvre - Contractant g\u00e9n\u00e9ral","potentialAction":[{"@type":"SearchAction","target":{"@type":"EntryPoint","urlTemplate":"https:\/\/nv-ingenierie.fr\/?s={search_term_string}"},"query-input":{"@type":"PropertyValueSpecification","valueRequired":true,"valueName":"search_term_string"}}],"inLanguage":"fr-FR"}]}},"_links":{"self":[{"href":"https:\/\/nv-ingenierie.fr\/index.php\/wp-json\/wp\/v2\/pages\/592","targetHints":{"allow":["GET"]}}],"collection":[{"href":"https:\/\/nv-ingenierie.fr\/index.php\/wp-json\/wp\/v2\/pages"}],"about":[{"href":"https:\/\/nv-ingenierie.fr\/index.php\/wp-json\/wp\/v2\/types\/page"}],"author":[{"embeddable":true,"href":"https:\/\/nv-ingenierie.fr\/index.php\/wp-json\/wp\/v2\/users\/1"}],"replies":[{"embeddable":true,"href":"https:\/\/nv-ingenierie.fr\/index.php\/wp-json\/wp\/v2\/comments?post=592"}],"version-history":[{"count":6,"href":"https:\/\/nv-ingenierie.fr\/index.php\/wp-json\/wp\/v2\/pages\/592\/revisions"}],"predecessor-version":[{"id":637,"href":"https:\/\/nv-ingenierie.fr\/index.php\/wp-json\/wp\/v2\/pages\/592\/revisions\/637"}],"wp:featuredmedia":[{"embeddable":true,"href":"https:\/\/nv-ingenierie.fr\/index.php\/wp-json\/wp\/v2\/media\/12"}],"wp:attachment":[{"href":"https:\/\/nv-ingenierie.fr\/index.php\/wp-json\/wp\/v2\/media?parent=592"}],"curies":[{"name":"wp","href":"https:\/\/api.w.org\/{rel}","templated":true}]}}